{"id":5788,"date":"2023-10-31T19:52:06","date_gmt":"2023-10-31T19:52:06","guid":{"rendered":"https:\/\/alandtours.com\/?page_id=5788"},"modified":"2024-12-22T17:37:35","modified_gmt":"2024-12-22T17:37:35","slug":"giftcard","status":"publish","type":"page","link":"https:\/\/alandtours.com\/sv\/giftcard\/","title":{"rendered":"PRESENTKORT"},"content":{"rendered":"<style>.kb-row-layout-id5788_edcf5e-91 > .kt-row-column-wrap{align-content:start;}:where(.kb-row-layout-id5788_edcf5e-91 > .kt-row-column-wrap) > .wp-block-kadence-column{justify-content:start;}.kb-row-layout-id5788_edcf5e-91 > .kt-row-column-wrap{column-gap:var(--global-kb-gap-md, 2rem);row-gap:var(--global-kb-gap-md, 2rem);max-width:var( --global-content-width, 1290px );padding-left:var(--global-content-edge-padding);padding-right:var(--global-content-edge-padding);padding-top:230px;padding-bottom:230px;grid-template-columns:minmax(0, 1fr);}.kb-row-layout-id5788_edcf5e-91{background-image:url('https:\/\/alandtours.com\/wp-content\/uploads\/2023\/05\/sjokvarteret.59ab8199.jpg');background-size:cover;background-position:center center;background-attachment:scroll;background-repeat:no-repeat;}.kb-row-layout-id5788_edcf5e-91 > .kt-row-layout-overlay{opacity:0.30;background-image:url('https:\/\/startertemplatecloud.com\/g43\/wp-content\/uploads\/sites\/72\/2022\/02\/background-1.png');background-size:contain;background-position:center center;background-attachment:scroll;background-repeat:repeat;}@media all and (max-width: 1024px){.kb-row-layout-id5788_edcf5e-91 > .kt-row-column-wrap{grid-template-columns:minmax(0, 1fr);}}@media all and (max-width: 767px){.kb-row-layout-id5788_edcf5e-91 > .kt-row-column-wrap{grid-template-columns:minmax(0, 1fr);}}<\/style><div class=\"kb-row-layout-wrap kb-row-layout-id5788_edcf5e-91 alignnone has-theme-palette8-background-color kt-row-has-bg wp-block-kadence-rowlayout\"><div class=\"kt-row-layout-overlay kt-row-overlay-normal\"><\/div><div class=\"kt-row-column-wrap kt-has-1-columns kt-row-layout-equal kt-tab-layout-inherit kt-mobile-layout-row kt-row-valign-top kb-theme-content-width\">\n<style>.kadence-column5788_3aa7e3-8d > .kt-inside-inner-col,.kadence-column5788_3aa7e3-8d > .kt-inside-inner-col:before{border-top-left-radius:0px;border-top-right-radius:0px;border-bottom-right-radius:0px;border-bottom-left-radius:0px;}.kadence-column5788_3aa7e3-8d > .kt-inside-inner-col{column-gap:var(--global-kb-gap-sm, 1rem);}.kadence-column5788_3aa7e3-8d > .kt-inside-inner-col{flex-direction:column;}.kadence-column5788_3aa7e3-8d > .kt-inside-inner-col > .aligncenter{width:100%;}.kadence-column5788_3aa7e3-8d > .kt-inside-inner-col:before{opacity:0.3;}.kadence-column5788_3aa7e3-8d{position:relative;}@media all and (max-width: 1024px){.kadence-column5788_3aa7e3-8d > .kt-inside-inner-col{flex-direction:column;justify-content:center;}}@media all and (max-width: 767px){.kadence-column5788_3aa7e3-8d > .kt-inside-inner-col{flex-direction:column;justify-content:center;}}<\/style>\n<div class=\"wp-block-kadence-column kadence-column5788_3aa7e3-8d inner-column-1\"><div class=\"kt-inside-inner-col\"><\/div><\/div>\n\n<\/div><\/div>\n\n<style>.kb-row-layout-wrap.wp-block-kadence-rowlayout.kb-row-layout-id5788_a7a2b0-cd{margin-top:0px;}.kb-row-layout-id5788_a7a2b0-cd > .kt-row-column-wrap{align-content:start;}:where(.kb-row-layout-id5788_a7a2b0-cd > .kt-row-column-wrap) > .wp-block-kadence-column{justify-content:start;}.kb-row-layout-id5788_a7a2b0-cd > .kt-row-column-wrap{column-gap:var(--global-kb-gap-md, 2rem);row-gap:var(--global-kb-gap-sm, 1rem);max-width:var( --global-content-width, 1290px );padding-left:var(--global-content-edge-padding);padding-right:var(--global-content-edge-padding);padding-top:var(--global-kb-spacing-5xl, 10rem);padding-bottom:var(--global-kb-spacing-xxl, 5rem);grid-template-columns:minmax(0, 1fr);}.kb-row-layout-id5788_a7a2b0-cd > .kt-row-layout-overlay{opacity:0.30;}@media all and (max-width: 1024px){.kb-row-layout-id5788_a7a2b0-cd > .kt-row-column-wrap{grid-template-columns:minmax(0, 1fr);}}@media all and (max-width: 767px){.kb-row-layout-id5788_a7a2b0-cd > .kt-row-column-wrap{grid-template-columns:minmax(0, 1fr);}}<\/style><div class=\"kb-row-layout-wrap kb-row-layout-id5788_a7a2b0-cd alignfull has-theme-palette9-background-color kt-row-has-bg wp-block-kadence-rowlayout\"><div class=\"kt-row-column-wrap kt-has-1-columns kt-row-layout-equal kt-tab-layout-inherit kt-mobile-layout-row kt-row-valign-top kb-theme-content-width\">\n<style>.kadence-column5788_bfc1f5-ec > .kt-inside-inner-col,.kadence-column5788_bfc1f5-ec > .kt-inside-inner-col:before{border-top-left-radius:0px;border-top-right-radius:0px;border-bottom-right-radius:0px;border-bottom-left-radius:0px;}.kadence-column5788_bfc1f5-ec > .kt-inside-inner-col{column-gap:var(--global-kb-gap-sm, 1rem);}.kadence-column5788_bfc1f5-ec > .kt-inside-inner-col{flex-direction:column;}.kadence-column5788_bfc1f5-ec > .kt-inside-inner-col > .aligncenter{width:100%;}.kadence-column5788_bfc1f5-ec > .kt-inside-inner-col:before{opacity:0.3;}.kadence-column5788_bfc1f5-ec{position:relative;}@media all and (max-width: 1024px){.kadence-column5788_bfc1f5-ec > .kt-inside-inner-col{flex-direction:column;justify-content:center;}}@media all and (max-width: 767px){.kadence-column5788_bfc1f5-ec > .kt-inside-inner-col{flex-direction:column;justify-content:center;}}<\/style>\n<div class=\"wp-block-kadence-column kadence-column5788_bfc1f5-ec\"><div class=\"kt-inside-inner-col\">\n<h1 class=\"wp-block-heading has-text-align-center\">GIFT FOR YOU<\/h1>\n<\/div><\/div>\n\n<\/div><\/div>\n\n<style>.wp-block-kadence-image.kb-image5788_27e551-c1:not(.kb-specificity-added):not(.kb-extra-specificity-added){margin-right:0px;}.kb-image5788_27e551-c1.kb-image-is-ratio-size, .kb-image5788_27e551-c1 .kb-image-is-ratio-size{max-width:951px;width:100%;}.wp-block-kadence-column > .kt-inside-inner-col > .kb-image5788_27e551-c1.kb-image-is-ratio-size, .wp-block-kadence-column > .kt-inside-inner-col > .kb-image5788_27e551-c1 .kb-image-is-ratio-size{align-self:unset;}.kb-image5788_27e551-c1 figure{max-width:951px;}.kb-image5788_27e551-c1 .image-is-svg, .kb-image5788_27e551-c1 .image-is-svg img{width:100%;}.kb-image5788_27e551-c1:not(.kb-image-is-ratio-size) .kb-img, .kb-image5788_27e551-c1.kb-image-is-ratio-size{padding-top:0px;padding-right:0px;}.kb-image5788_27e551-c1 .kb-image-has-overlay:after{opacity:0.3;}<\/style>\n<div class=\"wp-block-kadence-image kb-image5788_27e551-c1\"><figure class=\"aligncenter size-1536x1536\"><img loading=\"lazy\" decoding=\"async\" width=\"1536\" height=\"1024\" src=\"https:\/\/alandtours.com\/wp-content\/uploads\/2023\/10\/Gift-Card-1536x1024.jpg\" alt=\"\" class=\"kb-img wp-image-5804\" srcset=\"https:\/\/alandtours.com\/wp-content\/uploads\/2023\/10\/Gift-Card-1536x1024.jpg 1536w, https:\/\/alandtours.com\/wp-content\/uploads\/2023\/10\/Gift-Card-300x200.jpg 300w, https:\/\/alandtours.com\/wp-content\/uploads\/2023\/10\/Gift-Card-1024x683.jpg 1024w, https:\/\/alandtours.com\/wp-content\/uploads\/2023\/10\/Gift-Card-768x512.jpg 768w, https:\/\/alandtours.com\/wp-content\/uploads\/2023\/10\/Gift-Card-18x12.jpg 18w, https:\/\/alandtours.com\/wp-content\/uploads\/2023\/10\/Gift-Card-600x400.jpg 600w, https:\/\/alandtours.com\/wp-content\/uploads\/2023\/10\/Gift-Card.jpg 1800w\" sizes=\"auto, (max-width: 1536px) 100vw, 1536px\" \/><\/figure><\/div>\n\n\n<style>.kb-row-layout-id5788_146298-13 > .kt-row-column-wrap{align-content:start;}:where(.kb-row-layout-id5788_146298-13 > .kt-row-column-wrap) > .wp-block-kadence-column{justify-content:start;}.kb-row-layout-id5788_146298-13 > .kt-row-column-wrap{column-gap:var(--global-kb-gap-md, 2rem);row-gap:var(--global-kb-gap-md, 2rem);padding-top:var(--global-kb-spacing-sm, 1.5rem);padding-bottom:var(--global-kb-spacing-sm, 1.5rem);grid-template-columns:minmax(0, 1fr);}.kb-row-layout-id5788_146298-13 > .kt-row-layout-overlay{opacity:0.30;}@media all and (max-width: 1024px){.kb-row-layout-id5788_146298-13 > .kt-row-column-wrap{grid-template-columns:minmax(0, 1fr);}}@media all and (max-width: 767px){.kb-row-layout-id5788_146298-13 > .kt-row-column-wrap{grid-template-columns:minmax(0, 1fr);}}<\/style><div class=\"kb-row-layout-wrap kb-row-layout-id5788_146298-13 alignnone wp-block-kadence-rowlayout\"><div class=\"kt-row-column-wrap kt-has-1-columns kt-row-layout-equal kt-tab-layout-inherit kt-mobile-layout-row kt-row-valign-top\">\n<style>.kadence-column5788_ee614b-16 > .kt-inside-inner-col,.kadence-column5788_ee614b-16 > .kt-inside-inner-col:before{border-top-left-radius:0px;border-top-right-radius:0px;border-bottom-right-radius:0px;border-bottom-left-radius:0px;}.kadence-column5788_ee614b-16 > .kt-inside-inner-col{column-gap:var(--global-kb-gap-sm, 1rem);}.kadence-column5788_ee614b-16 > .kt-inside-inner-col{flex-direction:column;}.kadence-column5788_ee614b-16 > .kt-inside-inner-col > .aligncenter{width:100%;}.kadence-column5788_ee614b-16 > .kt-inside-inner-col:before{opacity:0.3;}.kadence-column5788_ee614b-16{position:relative;}@media all and (max-width: 1024px){.kadence-column5788_ee614b-16 > .kt-inside-inner-col{flex-direction:column;justify-content:center;}}@media all and (max-width: 767px){.kadence-column5788_ee614b-16 > .kt-inside-inner-col{flex-direction:column;justify-content:center;}}<\/style>\n<div class=\"wp-block-kadence-column kadence-column5788_ee614b-16\"><div class=\"kt-inside-inner-col\"><\/div><\/div>\n\n<\/div><\/div>\n\n\n<p class=\"has-text-align-center\">V\u00e5ra presentkort kan anv\u00e4ndas f\u00f6r alla v\u00e5ra tj\u00e4nster, oavsett om du letar efter en privat guidad tur skr\u00e4ddarsydd efter dina \u00f6nskem\u00e5l, <br>en rolig utomhusspel i Mariehamn eller s\u00e4songsm\u00e4ssiga aktiviteter som erbjuds av v\u00e5ra partners. <br><br>You can choose a gift card with your preferred amount and they remain valid for one year. <br>Du har m\u00f6jlighet att f\u00e5 ditt presentkort antingen via \u00c5land Post eller online.<\/p>\n\n\n\n<div class=\"wp-block-buttons is-content-justification-center is-layout-flex wp-container-core-buttons-is-layout-16018d1d wp-block-buttons-is-layout-flex\">\n<div class=\"wp-block-button\"><a class=\"wp-block-button__link wp-element-button\" href=\"https:\/\/alandtours.com\/sv\/contactus\/\" target=\"_blank\" rel=\"noreferrer noopener\">BEST\u00c4LL PRESENTKORT<\/a><\/div>\n<\/div>\n\n\n<style>.kb-row-layout-id5788_018383-1c > .kt-row-column-wrap{align-content:start;}:where(.kb-row-layout-id5788_018383-1c > .kt-row-column-wrap) > .wp-block-kadence-column{justify-content:start;}.kb-row-layout-id5788_018383-1c > .kt-row-column-wrap{column-gap:var(--global-kb-gap-md, 2rem);row-gap:var(--global-kb-gap-md, 2rem);padding-top:var(--global-kb-spacing-sm, 1.5rem);padding-bottom:var(--global-kb-spacing-5xl, 10rem);grid-template-columns:minmax(0, 1fr);}.kb-row-layout-id5788_018383-1c > .kt-row-layout-overlay{opacity:0.30;}@media all and (max-width: 1024px){.kb-row-layout-id5788_018383-1c > .kt-row-column-wrap{grid-template-columns:minmax(0, 1fr);}}@media all and (max-width: 767px){.kb-row-layout-id5788_018383-1c > .kt-row-column-wrap{grid-template-columns:minmax(0, 1fr);}}<\/style><div class=\"kb-row-layout-wrap kb-row-layout-id5788_018383-1c alignnone wp-block-kadence-rowlayout\"><div class=\"kt-row-column-wrap kt-has-1-columns kt-row-layout-equal kt-tab-layout-inherit kt-mobile-layout-row kt-row-valign-top\">\n<style>.kadence-column5788_5b8067-f7 > .kt-inside-inner-col,.kadence-column5788_5b8067-f7 > .kt-inside-inner-col:before{border-top-left-radius:0px;border-top-right-radius:0px;border-bottom-right-radius:0px;border-bottom-left-radius:0px;}.kadence-column5788_5b8067-f7 > .kt-inside-inner-col{column-gap:var(--global-kb-gap-sm, 1rem);}.kadence-column5788_5b8067-f7 > .kt-inside-inner-col{flex-direction:column;}.kadence-column5788_5b8067-f7 > .kt-inside-inner-col > .aligncenter{width:100%;}.kadence-column5788_5b8067-f7 > .kt-inside-inner-col:before{opacity:0.3;}.kadence-column5788_5b8067-f7{position:relative;}@media all and (max-width: 1024px){.kadence-column5788_5b8067-f7 > .kt-inside-inner-col{flex-direction:column;justify-content:center;}}@media all and (max-width: 767px){.kadence-column5788_5b8067-f7 > .kt-inside-inner-col{flex-direction:column;justify-content:center;}}<\/style>\n<div class=\"wp-block-kadence-column kadence-column5788_5b8067-f7\"><div class=\"kt-inside-inner-col\"><\/div><\/div>\n\n<\/div><\/div>","protected":false},"excerpt":{"rendered":"<p>GIFT FOR YOU Our gift cards can be used for all our services, whether you&#8217;re looking for a private guided tour tailored to your preferences, a fun outdoor adventure game in Mariehamn, or seasonal activities offered by our partners. You can choose a gift card with your preferred amount and they remain valid for one&#8230;<\/p>","protected":false},"author":2,"featured_media":1008,"parent":0,"menu_order":0,"comment_status":"closed","ping_status":"closed","template":"","meta":{"_kad_blocks_custom_css":"","_kad_blocks_head_custom_js":"","_kad_blocks_body_custom_js":"","_kad_blocks_footer_custom_js":"","_kadence_starter_templates_imported_post":true,"_kad_post_transparent":"","_kad_post_title":"hide","_kad_post_layout":"fullwidth","_kad_post_sidebar_id":"","_kad_post_content_style":"unboxed","_kad_post_vertical_padding":"hide","_kad_post_feature":"hide","_kad_post_feature_position":"","_kad_post_header":false,"_kad_post_footer":false,"_kad_post_classname":"","footnotes":""},"class_list":["post-5788","page","type-page","status-publish","has-post-thumbnail","hentry"],"taxonomy_info":[],"featured_image_src_large":false,"author_info":{"display_name":"Steivi","author_link":"https:\/\/alandtours.com\/sv\/author\/steivi-palmet\/"},"comment_info":0,"_links":{"self":[{"href":"https:\/\/alandtours.com\/sv\/wp-json\/wp\/v2\/pages\/5788","targetHints":{"allow":["GET"]}}],"collection":[{"href":"https:\/\/alandtours.com\/sv\/wp-json\/wp\/v2\/pages"}],"about":[{"href":"https:\/\/alandtours.com\/sv\/wp-json\/wp\/v2\/types\/page"}],"author":[{"embeddable":true,"href":"https:\/\/alandtours.com\/sv\/wp-json\/wp\/v2\/users\/2"}],"replies":[{"embeddable":true,"href":"https:\/\/alandtours.com\/sv\/wp-json\/wp\/v2\/comments?post=5788"}],"version-history":[{"count":9,"href":"https:\/\/alandtours.com\/sv\/wp-json\/wp\/v2\/pages\/5788\/revisions"}],"predecessor-version":[{"id":6686,"href":"https:\/\/alandtours.com\/sv\/wp-json\/wp\/v2\/pages\/5788\/revisions\/6686"}],"wp:featuredmedia":[{"embeddable":true,"href":"https:\/\/alandtours.com\/sv\/wp-json\/"}],"wp:attachment":[{"href":"https:\/\/alandtours.com\/sv\/wp-json\/wp\/v2\/media?parent=5788"}],"curies":[{"name":"wp","href":"https:\/\/api.w.org\/{rel}","templated":true}]}}