{"id":2181,"date":"2023-04-07T07:51:45","date_gmt":"2023-04-07T07:51:45","guid":{"rendered":"https:\/\/alandtours.com\/?post_type=product&#038;p=2181"},"modified":"2024-02-05T19:31:33","modified_gmt":"2024-02-05T19:31:33","slug":"maeriehamn-walking-tour","status":"publish","type":"product","link":"https:\/\/alandtours.com\/sv\/maeriehamn-walking-tour\/","title":{"rendered":"VANDRING I MARIEHAMN"},"content":{"rendered":"","protected":false},"excerpt":{"rendered":"<p>\u00c4r du f\u00f6rsta g\u00e5ngen p\u00e5 \u00c5land, \u00e4r en familj med ett tight schema eller vill du maximera din dyrbara tid i \u00f6riket? Detta \u00e4ventyr passar perfekt f\u00f6r dig som vill uppt\u00e4cka Mariehamn p\u00e5 egen hand, undvika stora grupper och standardrutter. \u201dVandring i Mariehamn\u201d \u00e4r anpassad till ditt tempo och dina intressen \u2013 ett perfekt s\u00e4tt att uppt\u00e4cka den enda vackra staden p\u00e5!<\/p>","protected":false},"featured_media":6300,"template":"","meta":{"_kad_blocks_custom_css":"","_kad_blocks_head_custom_js":"","_kad_blocks_body_custom_js":"","_kad_blocks_footer_custom_js":"","_kadence_starter_templates_imported_post":false,"_kad_post_transparent":"default","_kad_post_title":"","_kad_post_layout":"default","_kad_post_sidebar_id":"","_kad_post_content_style":"default","_kad_post_vertical_padding":"default","_kad_post_feature":"","_kad_post_feature_position":"","_kad_post_header":false,"_kad_post_footer":false,"_kad_post_classname":""},"product_brand":[],"product_cat":[186],"product_tag":[],"class_list":{"0":"post-2181","1":"product","2":"type-product","3":"status-publish","4":"has-post-thumbnail","6":"product_cat-aland-tours","8":"first","9":"instock","10":"shipping-taxable","11":"purchasable","12":"product-type-variable","13":"entry","14":"content-bg","15":"loop-entry"},"taxonomy_info":{"product_cat":[{"value":186,"label":"Aland Tours"}]},"featured_image_src_large":["https:\/\/alandtours.com\/wp-content\/uploads\/2023\/04\/BEST-SELLER-1-1024x1024.png",1024,1024,true],"author_info":[],"comment_info":"","_links":{"self":[{"href":"https:\/\/alandtours.com\/sv\/wp-json\/wp\/v2\/product\/2181","targetHints":{"allow":["GET"]}}],"collection":[{"href":"https:\/\/alandtours.com\/sv\/wp-json\/wp\/v2\/product"}],"about":[{"href":"https:\/\/alandtours.com\/sv\/wp-json\/wp\/v2\/types\/product"}],"wp:featuredmedia":[{"embeddable":true,"href":"https:\/\/alandtours.com\/sv\/wp-json\/wp\/v2\/media\/6300"}],"wp:attachment":[{"href":"https:\/\/alandtours.com\/sv\/wp-json\/wp\/v2\/media?parent=2181"}],"wp:term":[{"taxonomy":"product_brand","embeddable":true,"href":"https:\/\/alandtours.com\/sv\/wp-json\/wp\/v2\/product_brand?post=2181"},{"taxonomy":"product_cat","embeddable":true,"href":"https:\/\/alandtours.com\/sv\/wp-json\/wp\/v2\/product_cat?post=2181"},{"taxonomy":"product_tag","embeddable":true,"href":"https:\/\/alandtours.com\/sv\/wp-json\/wp\/v2\/product_tag?post=2181"}],"curies":[{"name":"wp","href":"https:\/\/api.w.org\/{rel}","templated":true}]}}