{"id":2189,"date":"2023-04-04T12:59:09","date_gmt":"2023-04-04T12:59:09","guid":{"rendered":"https:\/\/alandtours.com\/?post_type=product&#038;p=2189"},"modified":"2023-09-06T06:49:18","modified_gmt":"2023-09-06T06:49:18","slug":"experience-aland-on-2-wheels","status":"publish","type":"product","link":"https:\/\/alandtours.com\/sv\/experience-aland-on-2-wheels\/","title":{"rendered":"UPPLEV \u00c5LAND P\u00c5 2 HJUL"},"content":{"rendered":"","protected":false},"excerpt":{"rendered":"<p>F\u00f6lj med oss p\u00e5 den h\u00e4r guidade cykelturen ut till J\u00e4rs\u00f6 p\u00e5 \u00c5land. Denna tur \u00e4r perfekt f\u00f6r dig som vill utforska sk\u00f6nheten p\u00e5 \u00c5land i ett lugnt tempo med en egen guide som visar v\u00e4gen.<\/p>\n<p>&nbsp;<\/p>","protected":false},"featured_media":5322,"template":"","meta":{"_kad_blocks_custom_css":"","_kad_blocks_head_custom_js":"","_kad_blocks_body_custom_js":"","_kad_blocks_footer_custom_js":"","_kadence_starter_templates_imported_post":false,"_kad_post_transparent":"default","_kad_post_title":"","_kad_post_layout":"default","_kad_post_sidebar_id":"","_kad_post_content_style":"default","_kad_post_vertical_padding":"default","_kad_post_feature":"","_kad_post_feature_position":"","_kad_post_header":false,"_kad_post_footer":false,"_kad_post_classname":""},"product_brand":[],"product_cat":[186],"product_tag":[],"class_list":{"0":"post-2189","1":"product","2":"type-product","3":"status-publish","4":"has-post-thumbnail","6":"product_cat-aland-tours","8":"first","9":"instock","10":"shipping-taxable","11":"purchasable","12":"product-type-variable","13":"entry","14":"content-bg","15":"loop-entry"},"taxonomy_info":{"product_cat":[{"value":186,"label":"Aland Tours"}]},"featured_image_src_large":["https:\/\/alandtours.com\/wp-content\/uploads\/2023\/04\/IMG_4318-1024x1024.png",1024,1024,true],"author_info":[],"comment_info":"","_links":{"self":[{"href":"https:\/\/alandtours.com\/sv\/wp-json\/wp\/v2\/product\/2189","targetHints":{"allow":["GET"]}}],"collection":[{"href":"https:\/\/alandtours.com\/sv\/wp-json\/wp\/v2\/product"}],"about":[{"href":"https:\/\/alandtours.com\/sv\/wp-json\/wp\/v2\/types\/product"}],"wp:featuredmedia":[{"embeddable":true,"href":"https:\/\/alandtours.com\/sv\/wp-json\/wp\/v2\/media\/5322"}],"wp:attachment":[{"href":"https:\/\/alandtours.com\/sv\/wp-json\/wp\/v2\/media?parent=2189"}],"wp:term":[{"taxonomy":"product_brand","embeddable":true,"href":"https:\/\/alandtours.com\/sv\/wp-json\/wp\/v2\/product_brand?post=2189"},{"taxonomy":"product_cat","embeddable":true,"href":"https:\/\/alandtours.com\/sv\/wp-json\/wp\/v2\/product_cat?post=2189"},{"taxonomy":"product_tag","embeddable":true,"href":"https:\/\/alandtours.com\/sv\/wp-json\/wp\/v2\/product_tag?post=2189"}],"curies":[{"name":"wp","href":"https:\/\/api.w.org\/{rel}","templated":true}]}}