{"id":2289,"date":"2023-04-05T11:55:47","date_gmt":"2023-04-05T11:55:47","guid":{"rendered":"https:\/\/alandtours.com\/?post_type=product&#038;p=2289"},"modified":"2024-07-31T18:43:50","modified_gmt":"2024-07-31T18:43:50","slug":"ofvergards-apple-safari","status":"publish","type":"product","link":"https:\/\/alandtours.com\/sv\/ofvergards-apple-safari\/","title":{"rendered":"UPPLEV \u00c5LANDS \u00c4PPELSAFARI"},"content":{"rendered":"","protected":false},"excerpt":{"rendered":"<p>\u00c4r du f\u00f6rsta g\u00e5ngen p\u00e5 \u00c5land, \u00e4r en familj med ett tight schema eller vill du maximera din dyrbara tid i \u00f6riket? Detta \u00e4ventyr passar perfekt f\u00f6r dig som vill uppt\u00e4cka \u00c5land p\u00e5 egen hand, undvika stora grupper och standardrutter. Upplev \u00c5lands \u00e4ppelsafari och l\u00e4r dig lite om \u00e4pplen och \u00e4ppelmust samt lite lite om \u00d6fverg\u00e5rds historia.<\/p>","protected":false},"featured_media":5309,"template":"","meta":{"_kad_blocks_custom_css":"","_kad_blocks_head_custom_js":"","_kad_blocks_body_custom_js":"","_kad_blocks_footer_custom_js":"","_kadence_starter_templates_imported_post":false,"_kad_post_transparent":"default","_kad_post_title":"","_kad_post_layout":"default","_kad_post_sidebar_id":"","_kad_post_content_style":"default","_kad_post_vertical_padding":"default","_kad_post_feature":"","_kad_post_feature_position":"","_kad_post_header":false,"_kad_post_footer":false,"_kad_post_classname":""},"product_brand":[],"product_cat":[186],"product_tag":[],"class_list":{"0":"post-2289","1":"product","2":"type-product","3":"status-publish","4":"has-post-thumbnail","6":"product_cat-aland-tours","8":"first","9":"instock","10":"shipping-taxable","11":"purchasable","12":"product-type-variable","13":"entry","14":"content-bg","15":"loop-entry"},"taxonomy_info":{"product_cat":[{"value":186,"label":"Aland Tours"}]},"featured_image_src_large":["https:\/\/alandtours.com\/wp-content\/uploads\/2023\/04\/2D47EDE8-A91E-4E34-8DA7-6A24B012AAA2-1-1.jpg-1024x1024.jpg",1024,1024,true],"author_info":[],"comment_info":"","_links":{"self":[{"href":"https:\/\/alandtours.com\/sv\/wp-json\/wp\/v2\/product\/2289","targetHints":{"allow":["GET"]}}],"collection":[{"href":"https:\/\/alandtours.com\/sv\/wp-json\/wp\/v2\/product"}],"about":[{"href":"https:\/\/alandtours.com\/sv\/wp-json\/wp\/v2\/types\/product"}],"wp:featuredmedia":[{"embeddable":true,"href":"https:\/\/alandtours.com\/sv\/wp-json\/wp\/v2\/media\/5309"}],"wp:attachment":[{"href":"https:\/\/alandtours.com\/sv\/wp-json\/wp\/v2\/media?parent=2289"}],"wp:term":[{"taxonomy":"product_brand","embeddable":true,"href":"https:\/\/alandtours.com\/sv\/wp-json\/wp\/v2\/product_brand?post=2289"},{"taxonomy":"product_cat","embeddable":true,"href":"https:\/\/alandtours.com\/sv\/wp-json\/wp\/v2\/product_cat?post=2289"},{"taxonomy":"product_tag","embeddable":true,"href":"https:\/\/alandtours.com\/sv\/wp-json\/wp\/v2\/product_tag?post=2289"}],"curies":[{"name":"wp","href":"https:\/\/api.w.org\/{rel}","templated":true}]}}