{"id":2300,"date":"2023-04-05T12:27:28","date_gmt":"2023-04-05T12:27:28","guid":{"rendered":"https:\/\/alandtours.com\/?post_type=product&#038;p=2300"},"modified":"2023-09-06T06:48:15","modified_gmt":"2023-09-06T06:48:15","slug":"kayaking-tour","status":"publish","type":"product","link":"https:\/\/alandtours.com\/sv\/kayaking-tour\/","title":{"rendered":"KAJAKTUR"},"content":{"rendered":"","protected":false},"excerpt":{"rendered":"<p style=\"text-align: left;\">\u00c4lskar du havet och att paddla kajak? Ge dig sj\u00e4lv m\u00f6jlighet att uppleva Sk\u00e4rg\u00e5rdshavet och ta del av det vackraste i naturen. Att paddla havskajak \u00e4r det b\u00e4sta s\u00e4ttet att uppt\u00e4cka allt det underbara i den \u00e5l\u00e4ndska sk\u00e4rg\u00e5rden.<\/p>\n<p style=\"text-align: left;\">","protected":false},"featured_media":5317,"template":"","meta":{"_kad_blocks_custom_css":"","_kad_blocks_head_custom_js":"","_kad_blocks_body_custom_js":"","_kad_blocks_footer_custom_js":"","_kadence_starter_templates_imported_post":false,"_kad_post_transparent":"default","_kad_post_title":"","_kad_post_layout":"default","_kad_post_sidebar_id":"","_kad_post_content_style":"default","_kad_post_vertical_padding":"default","_kad_post_feature":"","_kad_post_feature_position":"","_kad_post_header":false,"_kad_post_footer":false,"_kad_post_classname":""},"product_brand":[],"product_cat":[186],"product_tag":[],"class_list":{"0":"post-2300","1":"product","2":"type-product","3":"status-publish","4":"has-post-thumbnail","6":"product_cat-aland-tours","8":"first","9":"instock","10":"shipping-taxable","11":"purchasable","12":"product-type-variable","13":"entry","14":"content-bg","15":"loop-entry"},"taxonomy_info":{"product_cat":[{"value":186,"label":"Aland Tours"}]},"featured_image_src_large":["https:\/\/alandtours.com\/wp-content\/uploads\/2023\/04\/thumbnail-3.jpeg-1024x1024.jpg",1024,1024,true],"author_info":[],"comment_info":"","_links":{"self":[{"href":"https:\/\/alandtours.com\/sv\/wp-json\/wp\/v2\/product\/2300","targetHints":{"allow":["GET"]}}],"collection":[{"href":"https:\/\/alandtours.com\/sv\/wp-json\/wp\/v2\/product"}],"about":[{"href":"https:\/\/alandtours.com\/sv\/wp-json\/wp\/v2\/types\/product"}],"wp:featuredmedia":[{"embeddable":true,"href":"https:\/\/alandtours.com\/sv\/wp-json\/wp\/v2\/media\/5317"}],"wp:attachment":[{"href":"https:\/\/alandtours.com\/sv\/wp-json\/wp\/v2\/media?parent=2300"}],"wp:term":[{"taxonomy":"product_brand","embeddable":true,"href":"https:\/\/alandtours.com\/sv\/wp-json\/wp\/v2\/product_brand?post=2300"},{"taxonomy":"product_cat","embeddable":true,"href":"https:\/\/alandtours.com\/sv\/wp-json\/wp\/v2\/product_cat?post=2300"},{"taxonomy":"product_tag","embeddable":true,"href":"https:\/\/alandtours.com\/sv\/wp-json\/wp\/v2\/product_tag?post=2300"}],"curies":[{"name":"wp","href":"https:\/\/api.w.org\/{rel}","templated":true}]}}