{"id":2322,"date":"2023-04-05T13:04:01","date_gmt":"2023-04-05T13:04:01","guid":{"rendered":"https:\/\/alandtours.com\/?post_type=product&#038;p=2322"},"modified":"2026-04-24T10:37:11","modified_gmt":"2026-04-24T10:37:11","slug":"visit-kobba-klintar","status":"publish","type":"product","link":"https:\/\/alandtours.com\/sv\/visit-kobba-klintar\/","title":{"rendered":"B\u00c5TUTFLYKT TILL KOBBA KLINTAR"},"content":{"rendered":"","protected":false},"excerpt":{"rendered":"<p>\u00c4r du redo f\u00f6r en fantastisk b\u00e5ttur till ett av \u00c5lands mest k\u00e4nda st\u00e4llen? F\u00f6lj med oss till Kobba Klintar, som ibland kallas \"\u00c5lands Frihetsgudinna\". H\u00e4r f\u00e5r du uppleva b\u00e5de \u00c5lands sj\u00f6farts historia och uppleva den vakcra utsikten \u00f6ver \u00c5lands hav \u2013 ett st\u00e4lle du inte vill missa!<\/p>\n<p>B\u00e5tturerna till Kobba Klintar avg\u00e5r fr\u00e5n segelfartyget Pommern i Mariehamn mellan den 25 juni och 11 augusti 2024. Turen varar cirka 2,5 timmar, men du kan alltid prata med kaptenen om du vill stanna l\u00e4ngre. Observera att turerna till Kobba Klintar inte \u00e4r tillg\u00e4ngliga p\u00e5 m\u00e5ndagar. F\u00f6r att boka din plats, kontakta oss via e-post p\u00e5 steivi@alandtours.com eller ring +358 (0)40 040 5933.<\/p>","protected":false},"featured_media":5252,"template":"","meta":{"_kad_blocks_custom_css":"","_kad_blocks_head_custom_js":"","_kad_blocks_body_custom_js":"","_kad_blocks_footer_custom_js":"","_kadence_starter_templates_imported_post":false,"_kad_post_transparent":"default","_kad_post_title":"","_kad_post_layout":"default","_kad_post_sidebar_id":"","_kad_post_content_style":"default","_kad_post_vertical_padding":"default","_kad_post_feature":"","_kad_post_feature_position":"","_kad_post_header":false,"_kad_post_footer":false,"_kad_post_classname":""},"product_brand":[],"product_cat":[186],"product_tag":[183,182,181,180],"class_list":{"0":"post-2322","1":"product","2":"type-product","3":"status-publish","4":"has-post-thumbnail","6":"product_cat-aland-tours","7":"product_tag-aland","8":"product_tag-alandislands","9":"product_tag-boattour","10":"product_tag-kobbaklintar","12":"first","13":"instock","14":"shipping-taxable","15":"purchasable","16":"product-type-variable","17":"entry","18":"content-bg","19":"loop-entry"},"taxonomy_info":{"product_cat":[{"value":186,"label":"Aland Tours"}],"product_tag":[{"value":183,"label":"aland"},{"value":182,"label":"alandislands"},{"value":181,"label":"boattour"},{"value":180,"label":"kobbaklintar"}]},"featured_image_src_large":["https:\/\/alandtours.com\/wp-content\/uploads\/2023\/07\/2-8-1.jpg-1024x1024.jpg",1024,1024,true],"author_info":[],"comment_info":"","_links":{"self":[{"href":"https:\/\/alandtours.com\/sv\/wp-json\/wp\/v2\/product\/2322","targetHints":{"allow":["GET"]}}],"collection":[{"href":"https:\/\/alandtours.com\/sv\/wp-json\/wp\/v2\/product"}],"about":[{"href":"https:\/\/alandtours.com\/sv\/wp-json\/wp\/v2\/types\/product"}],"wp:featuredmedia":[{"embeddable":true,"href":"https:\/\/alandtours.com\/sv\/wp-json\/wp\/v2\/media\/5252"}],"wp:attachment":[{"href":"https:\/\/alandtours.com\/sv\/wp-json\/wp\/v2\/media?parent=2322"}],"wp:term":[{"taxonomy":"product_brand","embeddable":true,"href":"https:\/\/alandtours.com\/sv\/wp-json\/wp\/v2\/product_brand?post=2322"},{"taxonomy":"product_cat","embeddable":true,"href":"https:\/\/alandtours.com\/sv\/wp-json\/wp\/v2\/product_cat?post=2322"},{"taxonomy":"product_tag","embeddable":true,"href":"https:\/\/alandtours.com\/sv\/wp-json\/wp\/v2\/product_tag?post=2322"}],"curies":[{"name":"wp","href":"https:\/\/api.w.org\/{rel}","templated":true}]}}