{"id":5381,"date":"2023-08-09T11:11:52","date_gmt":"2023-08-09T11:11:52","guid":{"rendered":"https:\/\/alandtours.com\/?post_type=product&#038;p=5381"},"modified":"2023-09-07T12:13:08","modified_gmt":"2023-09-07T12:13:08","slug":"fishing-adventure","status":"publish","type":"product","link":"https:\/\/alandtours.com\/sv\/fishing-adventure\/","title":{"rendered":"FISKE\u00c4VENTYR"},"content":{"rendered":"","protected":false},"excerpt":{"rendered":"<p><span style=\"font-weight: 400;\">Kom och upplev ett roligt fiske\u00e4ventyr f\u00f6r alla! Oavsett om du \u00e4r nyb\u00f6rjare eller erfaren fiskare, kommer du ha kul. Fiska g\u00e4dda, abborre, havs\u00f6ring och g\u00f6s i \u00c5lands vackra vatten. <\/span><span style=\"font-weight: 400;\"><br \/>\n<\/span><span style=\"font-weight: 400;\"><br \/>\n<\/span><span style=\"font-weight: 400;\">Fiskes\u00e4songen f\u00f6r denna tur \u00e4r fr\u00e5n mars till midsommar och fr\u00e5n mitten av augusti till november. Det ger dig b\u00e4sta chans f\u00f6r en bra f\u00e5ngst.<\/span><\/p>\n<p><span style=\"font-weight: 400;\">V\u00e5r fisketur passar \u00e4ven barn fr\u00e5n 7 \u00e5r och upp\u00e5t, vilket g\u00f6r det till en fantastisk aktivitet f\u00f6r hela familjen. All fiskeutrustning, flytv\u00e4star, fiskelicenser och en kunnig guide ing\u00e5r, vilket garanterar en s\u00e4ker och rolig upplevelse f\u00f6r alla. S\u00e5 samla familj och v\u00e4nner och kom med p\u00e5 ett minnesv\u00e4rt fiske\u00e4ventyr!<\/span><\/p>","protected":false},"featured_media":5431,"template":"","meta":{"_kad_blocks_custom_css":"","_kad_blocks_head_custom_js":"","_kad_blocks_body_custom_js":"","_kad_blocks_footer_custom_js":"","_kadence_starter_templates_imported_post":false,"_kad_post_transparent":"default","_kad_post_title":"","_kad_post_layout":"default","_kad_post_sidebar_id":"","_kad_post_content_style":"default","_kad_post_vertical_padding":"default","_kad_post_feature":"","_kad_post_feature_position":"","_kad_post_header":false,"_kad_post_footer":false,"_kad_post_classname":""},"product_brand":[],"product_cat":[186],"product_tag":[],"class_list":{"0":"post-5381","1":"product","2":"type-product","3":"status-publish","4":"has-post-thumbnail","6":"product_cat-aland-tours","8":"first","9":"instock","10":"sold-individually","11":"shipping-taxable","12":"purchasable","13":"product-type-variable","14":"entry","15":"content-bg","16":"loop-entry"},"taxonomy_info":{"product_cat":[{"value":186,"label":"Aland Tours"}]},"featured_image_src_large":["https:\/\/alandtours.com\/wp-content\/uploads\/2023\/08\/timthumb-6-1024x1024.png",1024,1024,true],"author_info":[],"comment_info":"","_links":{"self":[{"href":"https:\/\/alandtours.com\/sv\/wp-json\/wp\/v2\/product\/5381","targetHints":{"allow":["GET"]}}],"collection":[{"href":"https:\/\/alandtours.com\/sv\/wp-json\/wp\/v2\/product"}],"about":[{"href":"https:\/\/alandtours.com\/sv\/wp-json\/wp\/v2\/types\/product"}],"wp:featuredmedia":[{"embeddable":true,"href":"https:\/\/alandtours.com\/sv\/wp-json\/wp\/v2\/media\/5431"}],"wp:attachment":[{"href":"https:\/\/alandtours.com\/sv\/wp-json\/wp\/v2\/media?parent=5381"}],"wp:term":[{"taxonomy":"product_brand","embeddable":true,"href":"https:\/\/alandtours.com\/sv\/wp-json\/wp\/v2\/product_brand?post=5381"},{"taxonomy":"product_cat","embeddable":true,"href":"https:\/\/alandtours.com\/sv\/wp-json\/wp\/v2\/product_cat?post=5381"},{"taxonomy":"product_tag","embeddable":true,"href":"https:\/\/alandtours.com\/sv\/wp-json\/wp\/v2\/product_tag?post=5381"}],"curies":[{"name":"wp","href":"https:\/\/api.w.org\/{rel}","templated":true}]}}