{"id":6015,"date":"2023-11-13T19:06:15","date_gmt":"2023-11-13T19:06:15","guid":{"rendered":"https:\/\/alandtours.com\/?post_type=product&#038;p=6015"},"modified":"2024-05-13T18:20:32","modified_gmt":"2024-05-13T18:20:32","slug":"discgolf-tour-aland","status":"publish","type":"product","link":"https:\/\/alandtours.com\/sv\/discgolf-tour-aland\/","title":{"rendered":"DISCGOLF MED GUIDE"},"content":{"rendered":"","protected":false},"excerpt":{"rendered":"<p style=\"text-align: left;\">\u00c4r du redo f\u00f6r ett \u00e4ventyr i naturen? Utforska det fantastiska Disc Golf-paradiset p\u00e5 \u00c5land, med 16 nybyggda banor p\u00e5 \u00f6n. Disc golf \u00e4r den perfekta blandningen av roligt och nyttigt, och passar alla \u00e5ldrar och niv\u00e5er. Med minimal utrustning \u00e4r det det perfekta sommarn\u00f6jet f\u00f6r hela familjen!<\/p>\n<p>Du kan boka en kunnig guide som k\u00e4nner till alla banor och ger v\u00e4rdefull hj\u00e4lp och v\u00e4gledning under ditt \u00e4ventyr. Du kan v\u00e4lja l\u00e4ngden p\u00e5 din tur, med flexibilitet mellan 9:00 och 22:00, och guiden tar dig till l\u00e4mpliga banor baserat p\u00e5 din skicklighetsniv\u00e5.<\/p>\n<p>Priset \u00e4r fast p\u00e5 250 \u20ac f\u00f6r grupper p\u00e5 upp till 10 personer och all n\u00f6dv\u00e4ndig utrustning ing\u00e5r.<\/p>\n<p>Boka din Disc Golf-upplevelse nu!<\/p>\n<p>Bilder fr\u00e5n Visit \u00c5land Mediabank<\/p>","protected":false},"featured_media":6298,"template":"","meta":{"_kad_blocks_custom_css":"","_kad_blocks_head_custom_js":"","_kad_blocks_body_custom_js":"","_kad_blocks_footer_custom_js":"","_kadence_starter_templates_imported_post":false,"_kad_post_transparent":"default","_kad_post_title":"","_kad_post_layout":"default","_kad_post_sidebar_id":"","_kad_post_content_style":"default","_kad_post_vertical_padding":"default","_kad_post_feature":"","_kad_post_feature_position":"","_kad_post_header":false,"_kad_post_footer":false,"_kad_post_classname":""},"product_brand":[],"product_cat":[186],"product_tag":[],"class_list":{"0":"post-6015","1":"product","2":"type-product","3":"status-publish","4":"has-post-thumbnail","6":"product_cat-aland-tours","8":"first","9":"instock","10":"sold-individually","11":"shipping-taxable","12":"purchasable","13":"product-type-variable","14":"entry","15":"content-bg","16":"loop-entry"},"taxonomy_info":{"product_cat":[{"value":186,"label":"Aland Tours"}]},"featured_image_src_large":["https:\/\/alandtours.com\/wp-content\/uploads\/2023\/11\/BEST-SELLER-1-1024x1024.jpg",1024,1024,true],"author_info":[],"comment_info":"","_links":{"self":[{"href":"https:\/\/alandtours.com\/sv\/wp-json\/wp\/v2\/product\/6015","targetHints":{"allow":["GET"]}}],"collection":[{"href":"https:\/\/alandtours.com\/sv\/wp-json\/wp\/v2\/product"}],"about":[{"href":"https:\/\/alandtours.com\/sv\/wp-json\/wp\/v2\/types\/product"}],"wp:featuredmedia":[{"embeddable":true,"href":"https:\/\/alandtours.com\/sv\/wp-json\/wp\/v2\/media\/6298"}],"wp:attachment":[{"href":"https:\/\/alandtours.com\/sv\/wp-json\/wp\/v2\/media?parent=6015"}],"wp:term":[{"taxonomy":"product_brand","embeddable":true,"href":"https:\/\/alandtours.com\/sv\/wp-json\/wp\/v2\/product_brand?post=6015"},{"taxonomy":"product_cat","embeddable":true,"href":"https:\/\/alandtours.com\/sv\/wp-json\/wp\/v2\/product_cat?post=6015"},{"taxonomy":"product_tag","embeddable":true,"href":"https:\/\/alandtours.com\/sv\/wp-json\/wp\/v2\/product_tag?post=6015"}],"curies":[{"name":"wp","href":"https:\/\/api.w.org\/{rel}","templated":true}]}}