{"id":6608,"date":"2024-07-07T17:56:23","date_gmt":"2024-07-07T17:56:23","guid":{"rendered":"https:\/\/alandtours.com\/?post_type=product&#038;p=6608"},"modified":"2024-07-12T12:25:36","modified_gmt":"2024-07-12T12:25:36","slug":"ridingtour","status":"publish","type":"product","link":"https:\/\/alandtours.com\/sv\/ridingtour\/","title":{"rendered":"RIDTUR"},"content":{"rendered":"","protected":false},"excerpt":{"rendered":"<p>Upplev \u00c5land p\u00e5 ridtur med Henna-Mari!<\/p>\n<p>Upplev en rid\u00e4ventyr genom \u00c5lands fantastiska landskap i Sund tillsammans med Henna-Mari, en pionj\u00e4r inom ridturer sedan 2020. Bel\u00e4get i norra \u00c5land i Sund, driver Henna-Mari och hennes partner Kjell en historisk ekologisk g\u00e5rd som har funnits i Kjells familj i 300 \u00e5r.<\/p>\n<p>Hennas passion f\u00f6r westernridning lyser igenom i varje tur. Med sin omfattande rid erfarenhet och regelbunden tr\u00e4ning i boskapsdrivning, s\u00e4kerst\u00e4ller Henna ett unikt och autentiskt westernridnings\u00e4ventyr. Tempot och terr\u00e4ngen anpassas efter din erfarenhet och preferenser, vilket g\u00f6r varje tur s\u00e5 bekv\u00e4m och njutbar som m\u00f6jligt.<\/p>\n<p>Oavsett om du \u00e4r erfaren eller nyb\u00f6rjare, f\u00e5r du ridhj\u00e4lm och turerna passar alla niv\u00e5er. Viktgr\u00e4ns \u00e4r 100 kg och deltagare b\u00f6r ha egen olycksfallsf\u00f6rs\u00e4kring.<\/p>\n<p>Missa inte chansen att utforska \u00c5lands naturliga sk\u00f6nhet p\u00e5 ridturen med Henna-Mari.<\/p>\n<p>&nbsp;<\/p>","protected":false},"featured_media":6616,"template":"","meta":{"_kad_blocks_custom_css":"","_kad_blocks_head_custom_js":"","_kad_blocks_body_custom_js":"","_kad_blocks_footer_custom_js":"","_kadence_starter_templates_imported_post":false,"_kad_post_transparent":"default","_kad_post_title":"","_kad_post_layout":"default","_kad_post_sidebar_id":"","_kad_post_content_style":"default","_kad_post_vertical_padding":"default","_kad_post_feature":"","_kad_post_feature_position":"","_kad_post_header":false,"_kad_post_footer":false,"_kad_post_classname":""},"product_brand":[],"product_cat":[186],"product_tag":[],"class_list":{"0":"post-6608","1":"product","2":"type-product","3":"status-publish","4":"has-post-thumbnail","6":"product_cat-aland-tours","8":"first","9":"instock","10":"sold-individually","11":"shipping-taxable","12":"purchasable","13":"product-type-variable","14":"entry","15":"content-bg","16":"loop-entry"},"taxonomy_info":{"product_cat":[{"value":186,"label":"Aland Tours"}]},"featured_image_src_large":["https:\/\/alandtours.com\/wp-content\/uploads\/2024\/07\/ratsastusmatka-ahvenanmaa_edited-1024x1024.jpg",1024,1024,true],"author_info":[],"comment_info":"","_links":{"self":[{"href":"https:\/\/alandtours.com\/sv\/wp-json\/wp\/v2\/product\/6608","targetHints":{"allow":["GET"]}}],"collection":[{"href":"https:\/\/alandtours.com\/sv\/wp-json\/wp\/v2\/product"}],"about":[{"href":"https:\/\/alandtours.com\/sv\/wp-json\/wp\/v2\/types\/product"}],"wp:featuredmedia":[{"embeddable":true,"href":"https:\/\/alandtours.com\/sv\/wp-json\/wp\/v2\/media\/6616"}],"wp:attachment":[{"href":"https:\/\/alandtours.com\/sv\/wp-json\/wp\/v2\/media?parent=6608"}],"wp:term":[{"taxonomy":"product_brand","embeddable":true,"href":"https:\/\/alandtours.com\/sv\/wp-json\/wp\/v2\/product_brand?post=6608"},{"taxonomy":"product_cat","embeddable":true,"href":"https:\/\/alandtours.com\/sv\/wp-json\/wp\/v2\/product_cat?post=6608"},{"taxonomy":"product_tag","embeddable":true,"href":"https:\/\/alandtours.com\/sv\/wp-json\/wp\/v2\/product_tag?post=6608"}],"curies":[{"name":"wp","href":"https:\/\/api.w.org\/{rel}","templated":true}]}}